{"id":1416,"date":"2022-08-30T23:35:29","date_gmt":"2022-08-31T02:35:29","guid":{"rendered":"https:\/\/www.ckcpecas.com.br\/site\/?page_id=1416"},"modified":"2022-08-30T23:35:29","modified_gmt":"2022-08-31T02:35:29","slug":"politica-de-privacidade","status":"publish","type":"page","link":"https:\/\/www.ckcpecas.com.br\/site\/politica-de-privacidade\/","title":{"rendered":"Politica de Privacidade"},"content":{"rendered":"<p>A Pol\u00edtica de Privacidade deste site tem como objetivo garantir a seguran\u00e7a e confiabilidade de nossos servi\u00e7os.<\/p>\n<p><strong>Ao acessar este site e ao navegar nele voc\u00ea declara estar de acordo com os termos de nossa pol\u00edtica de privacidade descriminada logo abaixo.<\/strong><\/p>\n<p><strong>COOKIES<\/strong><\/p>\n<p>Ao acessar este site colhemos informa\u00e7\u00f5es estat\u00edsticas dos visitantes atrav\u00e9s de cookies. Nestes cookies coletamos os seguintes dados:<\/p>\n<ul>\n<li>Endere\u00e7o de IP \u2013 fornecido pelo provedor de internet do visitante<\/li>\n<li>Pais de origem \u2013 com base no endere\u00e7o de IP<\/li>\n<li>Cidade de origem \u2013 com base no endere\u00e7o de IP<\/li>\n<li>Hist\u00f3rico de p\u00e1ginas visualizadas em nosso site<\/li>\n<li>Navegador utilizado no momento da navega\u00e7\u00e3o \u2013 nome do navegador e vers\u00e3o<\/li>\n<li>Sistema operacional \u2013 nome do sistema e vers\u00e3o<\/li>\n<li>Tipo de dispositivo utilizado no momento da navega\u00e7\u00e3o \u2013 PC, Mac, Smartphone, Tablet ou dispositivo eletr\u00f4nico utilizado<\/li>\n<li>A origem que o trouxe at\u00e9 nosso site &#8211; mecanismo de busca, rede social, acesso direto pelo dom\u00ednio deste site, link inserido em outro site<\/li>\n<\/ul>\n<p>Este site pode utilizar tamb\u00e9m alguns cookies de terceiros como Google Analytics, Facebook Pixel dentre outros apenas para fins estat\u00edsticos.<\/p>\n<p>O objetivo exclusivo de utilizar as informa\u00e7\u00f5es coletadas atrav\u00e9s de cookies \u00e9 entender melhor o interesse dos nossos visitantes sobre produtos e servi\u00e7os dispostos nesse site.<\/p>\n<p>Se o visitante n\u00e3o deseja ter sua navega\u00e7\u00e3o registrada neste site \u00e9 poss\u00edvel abrir as configura\u00e7\u00f5es do seu navegador e desabilitar a fun\u00e7\u00e3o de armazenamento de cookies ou tamb\u00e9m navegar em modo privado utilizando este \u00faltimo recurso caso dispon\u00edvel no navegador. Caso n\u00e3o souber como efetuar os procedimentos voc\u00ea deve contatar sua equipe de TI ou suporte de inform\u00e1tica para lhe passar as orienta\u00e7\u00f5es necess\u00e1rias.<\/p>\n<p><strong>DADOS CADASTRAIS<\/strong><\/p>\n<p>Dados cadastrais coletados neste site s\u00e3o utilizados para controle interno e contato com o cliente quando necess\u00e1rio. Este site poder\u00e1 colet\u00e1-los via formul\u00e1rios, quando o visitante os preenche e o submete ao envio. N\u00e3o praticamos a comercializa\u00e7\u00e3o de dados cadastrais com terceiros, exceto e exclusivamente em casos de ordem, pedido ou determina\u00e7\u00e3o judicial em conformidade com as leis brasileiras.<\/p>\n<p><strong>ENVIO DE E-MAIL MARKETING (NEWSLLETER)<\/strong><\/p>\n<p>Todos os envios de e-mail marketing deste site s\u00e3o enviados com link de descadastramento conforme politicas anti-spam. \u00a0Todo e-mail marketing enviado por este site possui link para o cancelamento do cadastro. Se optar em clicar\u00a0no link o sistema removera seus dados instantaneamente da nossa base de dados.<\/p>\n<p>Caso\u00a0n\u00e3o se sinta seguro em clicar no link que fornecemos no e-mail marketing, entre em contato conosco via telefone ou e-mail e solicite a remo\u00e7\u00e3o do seu e-mail da nossa base de dados. Removeremos as informa\u00e7\u00f5es em no m\u00e1ximo 48 horas ap\u00f3s a solicita\u00e7\u00e3o por telefone ou e-mail.<\/p>\n<p><strong>SEGURAN\u00c7A DIGITAL<\/strong><\/p>\n<p>Este site trabalha com a tecnologia SSL, onde a transmiss\u00e3o de dados utiliza protocolo de criptografia (HTTPS). Toda informa\u00e7\u00e3o trocada entre o dispositivo do visitante com este site, trafega de forma segura e criptografada.<\/p>\n<p><strong>ISEN\u00c7\u00c3O DE RESPONSABILIDADE<\/strong><\/p>\n<p>O visitante isenta de toda e qualquer responsabilidade este site bem como a empresa que presta o servi\u00e7o de hospedagem deste site de viola\u00e7\u00f5es de dados por:<\/p>\n<ul>\n<li>Hackers<\/li>\n<li>Atos de funcion\u00e1rios<\/li>\n<li>A\u00e7\u00e3o criminosa ou irregular de terceiros<\/li>\n<li>Prepostos ou pessoas autorizadas<\/li>\n<\/ul>\n<p><strong>REMO\u00c7\u00c3O GERAL DE DADOS DO VISITANTE DO SERVIDOR<\/strong><\/p>\n<p>O usu\u00e1rio que desejar, pode solicitar a remo\u00e7\u00e3o dos dados que armazenamos sobre sua navega\u00e7\u00e3o em nosso site atrav\u00e9s da abertura de um chamado junto a nossa equipe, entrando em contato via telefone ou email. O procedimento pode levar at\u00e9 90 dias at\u00e9 que os dados sejam localizados eliminados de nossos servidores, incluindo os backups.<\/p>\n<p><strong>AVISO LEGAL<\/strong><\/p>\n<p>Este site reserva-se no direito de alterar as pol\u00edticas de privacidade aqui descriminadas a qualquer momento sem aviso pr\u00e9vio. Portanto visite essa p\u00e1gina regularmente para ficar atualizado referente a nossas pol\u00edticas de privacidade deste site.<\/p>\n<p>&nbsp;<\/p>\n","protected":false},"excerpt":{"rendered":"<p>A Pol\u00edtica de Privacidade deste site tem como objetivo garantir a seguran\u00e7a e confiabilidade de nossos servi\u00e7os. Ao acessar este site e ao navegar nele voc\u00ea declara estar de acordo com os termos de nossa pol\u00edtica de privacidade descriminada logo abaixo. COOKIES Ao acessar este site colhemos informa\u00e7\u00f5es estat\u00edsticas dos visitantes atrav\u00e9s de cookies. Nestes [&hellip;]<\/p>\n","protected":false},"author":1,"featured_media":0,"parent":0,"menu_order":0,"comment_status":"closed","ping_status":"closed","template":"","meta":{"footnotes":""},"class_list":["post-1416","page","type-page","status-publish","hentry"],"_links":{"self":[{"href":"https:\/\/www.ckcpecas.com.br\/site\/wp-json\/wp\/v2\/pages\/1416"}],"collection":[{"href":"https:\/\/www.ckcpecas.com.br\/site\/wp-json\/wp\/v2\/pages"}],"about":[{"href":"https:\/\/www.ckcpecas.com.br\/site\/wp-json\/wp\/v2\/types\/page"}],"author":[{"embeddable":true,"href":"https:\/\/www.ckcpecas.com.br\/site\/wp-json\/wp\/v2\/users\/1"}],"replies":[{"embeddable":true,"href":"https:\/\/www.ckcpecas.com.br\/site\/wp-json\/wp\/v2\/comments?post=1416"}],"version-history":[{"count":1,"href":"https:\/\/www.ckcpecas.com.br\/site\/wp-json\/wp\/v2\/pages\/1416\/revisions"}],"predecessor-version":[{"id":1417,"href":"https:\/\/www.ckcpecas.com.br\/site\/wp-json\/wp\/v2\/pages\/1416\/revisions\/1417"}],"wp:attachment":[{"href":"https:\/\/www.ckcpecas.com.br\/site\/wp-json\/wp\/v2\/media?parent=1416"}],"curies":[{"name":"wp","href":"https:\/\/api.w.org\/{rel}","templated":true}]}}